{"id":55,"date":"2026-04-22T18:36:09","date_gmt":"2026-04-22T18:36:09","guid":{"rendered":"https:\/\/rua-kapaaf.de\/?page_id=55"},"modified":"2026-04-22T18:54:19","modified_gmt":"2026-04-22T18:54:19","slug":"termine","status":"publish","type":"page","link":"https:\/\/rua-kapaaf.de\/?page_id=55","title":{"rendered":"Termine"},"content":{"rendered":"\n<p><a href=\"https:\/\/rua-kapaaf.de\/wp-admin\/post.php?post=56&amp;action=edit\">J\u00f6rg Runge \u2013 D\u00e4 Tuppes vum Land | Abendf\u00fcllendes Soloprogramm 23.09.2026 19:30 Uhr B\u00fcrgerhaus Radevormwald<\/a>  Karten im Vorverkauf bei PBS Schwanz, Schlossmacherstr. 3, 42477 Radevormwald      oder bei eventim<\/p>\n\n\n\n<p class=\"has-small-font-size\"><\/p>\n\n\n\n<p><\/p>\n","protected":false},"excerpt":{"rendered":"<p>J\u00f6rg Runge \u2013 D\u00e4 Tuppes vum Land | Abendf\u00fcllendes Soloprogramm 23.09.2026 19:30 Uhr B\u00fcrgerhaus Radevormwald Karten im Vorverkauf bei PBS Schwanz, Schlossmacherstr. 3, 42477 Radevormwald oder bei eventim<\/p>\n","protected":false},"author":2,"featured_media":0,"parent":0,"menu_order":0,"comment_status":"closed","ping_status":"closed","template":"","meta":{"footnotes":""},"class_list":["post-55","page","type-page","status-publish","hentry"],"_links":{"self":[{"href":"https:\/\/rua-kapaaf.de\/index.php?rest_route=\/wp\/v2\/pages\/55","targetHints":{"allow":["GET"]}}],"collection":[{"href":"https:\/\/rua-kapaaf.de\/index.php?rest_route=\/wp\/v2\/pages"}],"about":[{"href":"https:\/\/rua-kapaaf.de\/index.php?rest_route=\/wp\/v2\/types\/page"}],"author":[{"embeddable":true,"href":"https:\/\/rua-kapaaf.de\/index.php?rest_route=\/wp\/v2\/users\/2"}],"replies":[{"embeddable":true,"href":"https:\/\/rua-kapaaf.de\/index.php?rest_route=%2Fwp%2Fv2%2Fcomments&post=55"}],"version-history":[{"count":3,"href":"https:\/\/rua-kapaaf.de\/index.php?rest_route=\/wp\/v2\/pages\/55\/revisions"}],"predecessor-version":[{"id":64,"href":"https:\/\/rua-kapaaf.de\/index.php?rest_route=\/wp\/v2\/pages\/55\/revisions\/64"}],"wp:attachment":[{"href":"https:\/\/rua-kapaaf.de\/index.php?rest_route=%2Fwp%2Fv2%2Fmedia&parent=55"}],"curies":[{"name":"wp","href":"https:\/\/api.w.org\/{rel}","templated":true}]}}